{"id":10,"date":"2023-09-11T14:23:24","date_gmt":"2023-09-11T17:23:24","guid":{"rendered":"https:\/\/zirion.com.br\/index.php\/carrinho\/"},"modified":"2023-09-21T13:25:09","modified_gmt":"2023-09-21T16:25:09","slug":"carrinho","status":"publish","type":"page","link":"https:\/\/zirion.com.br\/index.php\/carrinho\/","title":{"rendered":"Carrinho"},"content":{"rendered":"\t\t<div data-elementor-type=\"wp-page\" data-elementor-id=\"10\" class=\"elementor elementor-10\" data-elementor-post-type=\"page\">\n\t\t\t\t<div class=\"elementor-element elementor-element-2dc433c e-flex e-con-boxed e-con e-parent\" data-id=\"2dc433c\" data-element_type=\"container\">\n\t\t\t\t\t<div class=\"e-con-inner\">\n\t\t\t\t<div class=\"elementor-element elementor-element-7bb4c6a elementor-widget elementor-widget-heading\" data-id=\"7bb4c6a\" data-element_type=\"widget\" data-widget_type=\"heading.default\">\n\t\t\t\t<div class=\"elementor-widget-container\">\n\t\t\t<style>\/*! elementor - v3.21.0 - 08-05-2024 *\/\n.elementor-heading-title{padding:0;margin:0;line-height:1}.elementor-widget-heading .elementor-heading-title[class*=elementor-size-]>a{color:inherit;font-size:inherit;line-height:inherit}.elementor-widget-heading .elementor-heading-title.elementor-size-small{font-size:15px}.elementor-widget-heading .elementor-heading-title.elementor-size-medium{font-size:19px}.elementor-widget-heading .elementor-heading-title.elementor-size-large{font-size:29px}.elementor-widget-heading .elementor-heading-title.elementor-size-xl{font-size:39px}.elementor-widget-heading .elementor-heading-title.elementor-size-xxl{font-size:59px}<\/style><h2 class=\"elementor-heading-title elementor-size-default\">Carrinho<\/h2>\t\t<\/div>\n\t\t\t\t<\/div>\n\t\t\t\t\t<\/div>\n\t\t\t\t<\/div>\n\t\t\t\t<\/div>\n\t\t","protected":false},"excerpt":{"rendered":"<p>Remover item Imagem de miniatura Produto Pre\u00e7o Quantidade Subtotal &times; Brinco Rosa Zirc\u00f4nia &#82;&#36;64,99 Brinco Rosa Zirc\u00f4nia quantidade &#82;&#36;64,99 Atualizar carrinho Aplicar cupom Totais do Carrinho Subtotal &#82;&#36;64,99 Total &#82;&#36;64,99 Finalizar Compra<\/p>\n","protected":false},"author":1,"featured_media":0,"parent":0,"menu_order":0,"comment_status":"closed","ping_status":"closed","template":"elementor_header_footer","meta":{"footnotes":""},"yoast_head":"<!-- This site is optimized with the Yoast SEO plugin v21.4 - https:\/\/yoast.com\/wordpress\/plugins\/seo\/ -->\n<title>Carrinho - Zirion J\u00f3ias<\/title>\n<meta name=\"robots\" content=\"index, follow, max-snippet:-1, max-image-preview:large, max-video-preview:-1\" \/>\n<link rel=\"canonical\" href=\"https:\/\/zirion.com.br\/index.php\/carrinho\/\" \/>\n<meta property=\"og:locale\" content=\"pt_BR\" \/>\n<meta property=\"og:type\" content=\"article\" \/>\n<meta property=\"og:title\" content=\"Carrinho - Zirion J\u00f3ias\" \/>\n<meta property=\"og:description\" content=\"Remover item Imagem de miniatura Produto Pre\u00e7o Quantidade Subtotal &times; Brinco Rosa Zirc\u00f4nia &#082;&#036;64,99 Brinco Rosa Zirc\u00f4nia quantidade &#082;&#036;64,99 Atualizar carrinho Aplicar cupom Totais do Carrinho Subtotal &#082;&#036;64,99 Total &#082;&#036;64,99 Finalizar Compra\" \/>\n<meta property=\"og:url\" content=\"https:\/\/zirion.com.br\/index.php\/carrinho\/\" \/>\n<meta property=\"og:site_name\" content=\"Zirion J\u00f3ias\" \/>\n<meta property=\"article:modified_time\" content=\"2023-09-21T16:25:09+00:00\" \/>\n<meta property=\"og:image\" content=\"https:\/\/zirion.com.br\/wp-content\/uploads\/2023\/09\/Brinco-Rosa-Zirconia-300x300.jpg\" \/>\n<meta name=\"twitter:card\" content=\"summary_large_image\" \/>\n<script type=\"application\/ld+json\" class=\"yoast-schema-graph\">{\"@context\":\"https:\/\/schema.org\",\"@graph\":[{\"@type\":\"WebPage\",\"@id\":\"https:\/\/zirion.com.br\/index.php\/carrinho\/\",\"url\":\"https:\/\/zirion.com.br\/index.php\/carrinho\/\",\"name\":\"Carrinho - Zirion J\u00f3ias\",\"isPartOf\":{\"@id\":\"https:\/\/zirion.com.br\/#website\"},\"datePublished\":\"2023-09-11T17:23:24+00:00\",\"dateModified\":\"2023-09-21T16:25:09+00:00\",\"breadcrumb\":{\"@id\":\"https:\/\/zirion.com.br\/index.php\/carrinho\/#breadcrumb\"},\"inLanguage\":\"pt-BR\",\"potentialAction\":[{\"@type\":\"ReadAction\",\"target\":[\"https:\/\/zirion.com.br\/index.php\/carrinho\/\"]}]},{\"@type\":\"BreadcrumbList\",\"@id\":\"https:\/\/zirion.com.br\/index.php\/carrinho\/#breadcrumb\",\"itemListElement\":[{\"@type\":\"ListItem\",\"position\":1,\"name\":\"In\u00edcio\",\"item\":\"https:\/\/zirion.com.br\/\"},{\"@type\":\"ListItem\",\"position\":2,\"name\":\"Carrinho\"}]},{\"@type\":\"WebSite\",\"@id\":\"https:\/\/zirion.com.br\/#website\",\"url\":\"https:\/\/zirion.com.br\/\",\"name\":\"Zirion J\u00f3ias\",\"description\":\"Renove suas energias com Zirion Joias\",\"publisher\":{\"@id\":\"https:\/\/zirion.com.br\/#organization\"},\"potentialAction\":[{\"@type\":\"SearchAction\",\"target\":{\"@type\":\"EntryPoint\",\"urlTemplate\":\"https:\/\/zirion.com.br\/?s={search_term_string}\"},\"query-input\":\"required name=search_term_string\"}],\"inLanguage\":\"pt-BR\"},{\"@type\":\"Organization\",\"@id\":\"https:\/\/zirion.com.br\/#organization\",\"name\":\"Zirion J\u00f3ias\",\"url\":\"https:\/\/zirion.com.br\/\",\"logo\":{\"@type\":\"ImageObject\",\"inLanguage\":\"pt-BR\",\"@id\":\"https:\/\/zirion.com.br\/#\/schema\/logo\/image\/\",\"url\":\"https:\/\/zirion.com.br\/wp-content\/uploads\/2023\/09\/Enviando-por-email-LOGO-21-1.png\",\"contentUrl\":\"https:\/\/zirion.com.br\/wp-content\/uploads\/2023\/09\/Enviando-por-email-LOGO-21-1.png\",\"width\":3130,\"height\":1227,\"caption\":\"Zirion J\u00f3ias\"},\"image\":{\"@id\":\"https:\/\/zirion.com.br\/#\/schema\/logo\/image\/\"}}]}<\/script>\n<!-- \/ Yoast SEO plugin. -->","yoast_head_json":{"title":"Carrinho - Zirion J\u00f3ias","robots":{"index":"index","follow":"follow","max-snippet":"max-snippet:-1","max-image-preview":"max-image-preview:large","max-video-preview":"max-video-preview:-1"},"canonical":"https:\/\/zirion.com.br\/index.php\/carrinho\/","og_locale":"pt_BR","og_type":"article","og_title":"Carrinho - Zirion J\u00f3ias","og_description":"Remover item Imagem de miniatura Produto Pre\u00e7o Quantidade Subtotal &times; Brinco Rosa Zirc\u00f4nia &#82;&#36;64,99 Brinco Rosa Zirc\u00f4nia quantidade &#82;&#36;64,99 Atualizar carrinho Aplicar cupom Totais do Carrinho Subtotal &#82;&#36;64,99 Total &#82;&#36;64,99 Finalizar Compra","og_url":"https:\/\/zirion.com.br\/index.php\/carrinho\/","og_site_name":"Zirion J\u00f3ias","article_modified_time":"2023-09-21T16:25:09+00:00","og_image":[{"url":"https:\/\/zirion.com.br\/wp-content\/uploads\/2023\/09\/Brinco-Rosa-Zirconia-300x300.jpg"}],"twitter_card":"summary_large_image","schema":{"@context":"https:\/\/schema.org","@graph":[{"@type":"WebPage","@id":"https:\/\/zirion.com.br\/index.php\/carrinho\/","url":"https:\/\/zirion.com.br\/index.php\/carrinho\/","name":"Carrinho - Zirion J\u00f3ias","isPartOf":{"@id":"https:\/\/zirion.com.br\/#website"},"datePublished":"2023-09-11T17:23:24+00:00","dateModified":"2023-09-21T16:25:09+00:00","breadcrumb":{"@id":"https:\/\/zirion.com.br\/index.php\/carrinho\/#breadcrumb"},"inLanguage":"pt-BR","potentialAction":[{"@type":"ReadAction","target":["https:\/\/zirion.com.br\/index.php\/carrinho\/"]}]},{"@type":"BreadcrumbList","@id":"https:\/\/zirion.com.br\/index.php\/carrinho\/#breadcrumb","itemListElement":[{"@type":"ListItem","position":1,"name":"In\u00edcio","item":"https:\/\/zirion.com.br\/"},{"@type":"ListItem","position":2,"name":"Carrinho"}]},{"@type":"WebSite","@id":"https:\/\/zirion.com.br\/#website","url":"https:\/\/zirion.com.br\/","name":"Zirion J\u00f3ias","description":"Renove suas energias com Zirion Joias","publisher":{"@id":"https:\/\/zirion.com.br\/#organization"},"potentialAction":[{"@type":"SearchAction","target":{"@type":"EntryPoint","urlTemplate":"https:\/\/zirion.com.br\/?s={search_term_string}"},"query-input":"required name=search_term_string"}],"inLanguage":"pt-BR"},{"@type":"Organization","@id":"https:\/\/zirion.com.br\/#organization","name":"Zirion J\u00f3ias","url":"https:\/\/zirion.com.br\/","logo":{"@type":"ImageObject","inLanguage":"pt-BR","@id":"https:\/\/zirion.com.br\/#\/schema\/logo\/image\/","url":"https:\/\/zirion.com.br\/wp-content\/uploads\/2023\/09\/Enviando-por-email-LOGO-21-1.png","contentUrl":"https:\/\/zirion.com.br\/wp-content\/uploads\/2023\/09\/Enviando-por-email-LOGO-21-1.png","width":3130,"height":1227,"caption":"Zirion J\u00f3ias"},"image":{"@id":"https:\/\/zirion.com.br\/#\/schema\/logo\/image\/"}}]}},"_links":{"self":[{"href":"https:\/\/zirion.com.br\/index.php\/wp-json\/wp\/v2\/pages\/10"}],"collection":[{"href":"https:\/\/zirion.com.br\/index.php\/wp-json\/wp\/v2\/pages"}],"about":[{"href":"https:\/\/zirion.com.br\/index.php\/wp-json\/wp\/v2\/types\/page"}],"author":[{"embeddable":true,"href":"https:\/\/zirion.com.br\/index.php\/wp-json\/wp\/v2\/users\/1"}],"replies":[{"embeddable":true,"href":"https:\/\/zirion.com.br\/index.php\/wp-json\/wp\/v2\/comments?post=10"}],"version-history":[{"count":9,"href":"https:\/\/zirion.com.br\/index.php\/wp-json\/wp\/v2\/pages\/10\/revisions"}],"predecessor-version":[{"id":285,"href":"https:\/\/zirion.com.br\/index.php\/wp-json\/wp\/v2\/pages\/10\/revisions\/285"}],"wp:attachment":[{"href":"https:\/\/zirion.com.br\/index.php\/wp-json\/wp\/v2\/media?parent=10"}],"curies":[{"name":"wp","href":"https:\/\/api.w.org\/{rel}","templated":true}]}}