{"id":12,"date":"2023-09-11T14:23:24","date_gmt":"2023-09-11T17:23:24","guid":{"rendered":"https:\/\/zirion.com.br\/index.php\/minha-conta\/"},"modified":"2023-09-21T15:13:17","modified_gmt":"2023-09-21T18:13:17","slug":"minha-conta","status":"publish","type":"page","link":"https:\/\/zirion.com.br\/index.php\/minha-conta\/","title":{"rendered":"Minha conta"},"content":{"rendered":"\t\t<div data-elementor-type=\"wp-page\" data-elementor-id=\"12\" class=\"elementor elementor-12\" data-elementor-post-type=\"page\">\n\t\t\t\t<div class=\"elementor-element elementor-element-1d8f194 e-flex e-con-boxed e-con e-parent\" data-id=\"1d8f194\" data-element_type=\"container\">\n\t\t\t\t\t<div class=\"e-con-inner\">\n\t\t\t\t<div class=\"elementor-element elementor-element-4c43bf1 elementor-widget elementor-widget-heading\" data-id=\"4c43bf1\" data-element_type=\"widget\" data-widget_type=\"heading.default\">\n\t\t\t\t<div class=\"elementor-widget-container\">\n\t\t\t<style>\/*! elementor - v3.21.0 - 08-05-2024 *\/\n.elementor-heading-title{padding:0;margin:0;line-height:1}.elementor-widget-heading .elementor-heading-title[class*=elementor-size-]>a{color:inherit;font-size:inherit;line-height:inherit}.elementor-widget-heading .elementor-heading-title.elementor-size-small{font-size:15px}.elementor-widget-heading .elementor-heading-title.elementor-size-medium{font-size:19px}.elementor-widget-heading .elementor-heading-title.elementor-size-large{font-size:29px}.elementor-widget-heading .elementor-heading-title.elementor-size-xl{font-size:39px}.elementor-widget-heading .elementor-heading-title.elementor-size-xxl{font-size:59px}<\/style><h2 class=\"elementor-heading-title elementor-size-default\">Minha conta<\/h2>\t\t<\/div>\n\t\t\t\t<\/div>\n\t\t\t\t<div class=\"elementor-element elementor-element-150a0d9 e-my-account-tabs-vertical elementor-widget elementor-widget-woocommerce-my-account\" data-id=\"150a0d9\" data-element_type=\"widget\" data-widget_type=\"woocommerce-my-account.default\">\n\t\t\t\t<div class=\"elementor-widget-container\">\n\t\t\t<link rel=\"stylesheet\" href=\"https:\/\/zirion.com.br\/wp-content\/plugins\/elementor-pro\/assets\/css\/widget-woocommerce.min.css\"><div class=\"e-my-account-tab e-my-account-tab__ \">\t\t\t<span class=\"elementor-hidden\">[woocommerce_my_account]<\/span>\n\t\t\t<div class=\"woocommerce\"><\/div>\t\t<\/div>\n\t\t\t\t<\/div>\n\t\t\t\t<\/div>\n\t\t\t\t\t<\/div>\n\t\t\t\t<\/div>\n\t\t\t\t<\/div>\n\t\t","protected":false},"excerpt":{"rendered":"<p>Painel Pedidos Transfer\u00eancias Endere\u00e7os Detalhes da conta Sair Ol\u00e1, softplaytrafego (n\u00e3o \u00e9 softplaytrafego? Sair) A partir do painel de controle de sua conta, voc\u00ea pode ver suas compras recentes, gerenciar seus endere\u00e7os de entrega e faturamento, e editar sua senha e detalhes da conta.<\/p>\n","protected":false},"author":1,"featured_media":0,"parent":0,"menu_order":0,"comment_status":"closed","ping_status":"closed","template":"elementor_header_footer","meta":{"footnotes":""},"yoast_head":"<!-- This site is optimized with the Yoast SEO plugin v21.4 - https:\/\/yoast.com\/wordpress\/plugins\/seo\/ -->\n<title>Minha conta - Zirion J\u00f3ias<\/title>\n<meta name=\"robots\" content=\"index, follow, max-snippet:-1, max-image-preview:large, max-video-preview:-1\" \/>\n<link rel=\"canonical\" href=\"https:\/\/zirion.com.br\/index.php\/minha-conta\/\" \/>\n<meta property=\"og:locale\" content=\"pt_BR\" \/>\n<meta property=\"og:type\" content=\"article\" \/>\n<meta property=\"og:title\" content=\"Minha conta - Zirion J\u00f3ias\" \/>\n<meta property=\"og:description\" content=\"Painel Pedidos Transfer\u00eancias Endere\u00e7os Detalhes da conta Sair Ol\u00e1, softplaytrafego (n\u00e3o \u00e9 softplaytrafego? Sair) A partir do painel de controle de sua conta, voc\u00ea pode ver suas compras recentes, gerenciar seus endere\u00e7os de entrega e faturamento, e editar sua senha e detalhes da conta.\" \/>\n<meta property=\"og:url\" content=\"https:\/\/zirion.com.br\/index.php\/minha-conta\/\" \/>\n<meta property=\"og:site_name\" content=\"Zirion J\u00f3ias\" \/>\n<meta property=\"article:modified_time\" content=\"2023-09-21T18:13:17+00:00\" \/>\n<meta name=\"twitter:card\" content=\"summary_large_image\" \/>\n<script type=\"application\/ld+json\" class=\"yoast-schema-graph\">{\"@context\":\"https:\/\/schema.org\",\"@graph\":[{\"@type\":\"WebPage\",\"@id\":\"https:\/\/zirion.com.br\/index.php\/minha-conta\/\",\"url\":\"https:\/\/zirion.com.br\/index.php\/minha-conta\/\",\"name\":\"Minha conta - Zirion J\u00f3ias\",\"isPartOf\":{\"@id\":\"https:\/\/zirion.com.br\/#website\"},\"datePublished\":\"2023-09-11T17:23:24+00:00\",\"dateModified\":\"2023-09-21T18:13:17+00:00\",\"breadcrumb\":{\"@id\":\"https:\/\/zirion.com.br\/index.php\/minha-conta\/#breadcrumb\"},\"inLanguage\":\"pt-BR\",\"potentialAction\":[{\"@type\":\"ReadAction\",\"target\":[\"https:\/\/zirion.com.br\/index.php\/minha-conta\/\"]}]},{\"@type\":\"BreadcrumbList\",\"@id\":\"https:\/\/zirion.com.br\/index.php\/minha-conta\/#breadcrumb\",\"itemListElement\":[{\"@type\":\"ListItem\",\"position\":1,\"name\":\"In\u00edcio\",\"item\":\"https:\/\/zirion.com.br\/\"},{\"@type\":\"ListItem\",\"position\":2,\"name\":\"Minha conta\"}]},{\"@type\":\"WebSite\",\"@id\":\"https:\/\/zirion.com.br\/#website\",\"url\":\"https:\/\/zirion.com.br\/\",\"name\":\"Zirion J\u00f3ias\",\"description\":\"Renove suas energias com Zirion Joias\",\"publisher\":{\"@id\":\"https:\/\/zirion.com.br\/#organization\"},\"potentialAction\":[{\"@type\":\"SearchAction\",\"target\":{\"@type\":\"EntryPoint\",\"urlTemplate\":\"https:\/\/zirion.com.br\/?s={search_term_string}\"},\"query-input\":\"required name=search_term_string\"}],\"inLanguage\":\"pt-BR\"},{\"@type\":\"Organization\",\"@id\":\"https:\/\/zirion.com.br\/#organization\",\"name\":\"Zirion J\u00f3ias\",\"url\":\"https:\/\/zirion.com.br\/\",\"logo\":{\"@type\":\"ImageObject\",\"inLanguage\":\"pt-BR\",\"@id\":\"https:\/\/zirion.com.br\/#\/schema\/logo\/image\/\",\"url\":\"https:\/\/zirion.com.br\/wp-content\/uploads\/2023\/09\/Enviando-por-email-LOGO-21-1.png\",\"contentUrl\":\"https:\/\/zirion.com.br\/wp-content\/uploads\/2023\/09\/Enviando-por-email-LOGO-21-1.png\",\"width\":3130,\"height\":1227,\"caption\":\"Zirion J\u00f3ias\"},\"image\":{\"@id\":\"https:\/\/zirion.com.br\/#\/schema\/logo\/image\/\"}}]}<\/script>\n<!-- \/ Yoast SEO plugin. -->","yoast_head_json":{"title":"Minha conta - Zirion J\u00f3ias","robots":{"index":"index","follow":"follow","max-snippet":"max-snippet:-1","max-image-preview":"max-image-preview:large","max-video-preview":"max-video-preview:-1"},"canonical":"https:\/\/zirion.com.br\/index.php\/minha-conta\/","og_locale":"pt_BR","og_type":"article","og_title":"Minha conta - Zirion J\u00f3ias","og_description":"Painel Pedidos Transfer\u00eancias Endere\u00e7os Detalhes da conta Sair Ol\u00e1, softplaytrafego (n\u00e3o \u00e9 softplaytrafego? Sair) A partir do painel de controle de sua conta, voc\u00ea pode ver suas compras recentes, gerenciar seus endere\u00e7os de entrega e faturamento, e editar sua senha e detalhes da conta.","og_url":"https:\/\/zirion.com.br\/index.php\/minha-conta\/","og_site_name":"Zirion J\u00f3ias","article_modified_time":"2023-09-21T18:13:17+00:00","twitter_card":"summary_large_image","schema":{"@context":"https:\/\/schema.org","@graph":[{"@type":"WebPage","@id":"https:\/\/zirion.com.br\/index.php\/minha-conta\/","url":"https:\/\/zirion.com.br\/index.php\/minha-conta\/","name":"Minha conta - Zirion J\u00f3ias","isPartOf":{"@id":"https:\/\/zirion.com.br\/#website"},"datePublished":"2023-09-11T17:23:24+00:00","dateModified":"2023-09-21T18:13:17+00:00","breadcrumb":{"@id":"https:\/\/zirion.com.br\/index.php\/minha-conta\/#breadcrumb"},"inLanguage":"pt-BR","potentialAction":[{"@type":"ReadAction","target":["https:\/\/zirion.com.br\/index.php\/minha-conta\/"]}]},{"@type":"BreadcrumbList","@id":"https:\/\/zirion.com.br\/index.php\/minha-conta\/#breadcrumb","itemListElement":[{"@type":"ListItem","position":1,"name":"In\u00edcio","item":"https:\/\/zirion.com.br\/"},{"@type":"ListItem","position":2,"name":"Minha conta"}]},{"@type":"WebSite","@id":"https:\/\/zirion.com.br\/#website","url":"https:\/\/zirion.com.br\/","name":"Zirion J\u00f3ias","description":"Renove suas energias com Zirion Joias","publisher":{"@id":"https:\/\/zirion.com.br\/#organization"},"potentialAction":[{"@type":"SearchAction","target":{"@type":"EntryPoint","urlTemplate":"https:\/\/zirion.com.br\/?s={search_term_string}"},"query-input":"required name=search_term_string"}],"inLanguage":"pt-BR"},{"@type":"Organization","@id":"https:\/\/zirion.com.br\/#organization","name":"Zirion J\u00f3ias","url":"https:\/\/zirion.com.br\/","logo":{"@type":"ImageObject","inLanguage":"pt-BR","@id":"https:\/\/zirion.com.br\/#\/schema\/logo\/image\/","url":"https:\/\/zirion.com.br\/wp-content\/uploads\/2023\/09\/Enviando-por-email-LOGO-21-1.png","contentUrl":"https:\/\/zirion.com.br\/wp-content\/uploads\/2023\/09\/Enviando-por-email-LOGO-21-1.png","width":3130,"height":1227,"caption":"Zirion J\u00f3ias"},"image":{"@id":"https:\/\/zirion.com.br\/#\/schema\/logo\/image\/"}}]}},"_links":{"self":[{"href":"https:\/\/zirion.com.br\/index.php\/wp-json\/wp\/v2\/pages\/12"}],"collection":[{"href":"https:\/\/zirion.com.br\/index.php\/wp-json\/wp\/v2\/pages"}],"about":[{"href":"https:\/\/zirion.com.br\/index.php\/wp-json\/wp\/v2\/types\/page"}],"author":[{"embeddable":true,"href":"https:\/\/zirion.com.br\/index.php\/wp-json\/wp\/v2\/users\/1"}],"replies":[{"embeddable":true,"href":"https:\/\/zirion.com.br\/index.php\/wp-json\/wp\/v2\/comments?post=12"}],"version-history":[{"count":10,"href":"https:\/\/zirion.com.br\/index.php\/wp-json\/wp\/v2\/pages\/12\/revisions"}],"predecessor-version":[{"id":1597,"href":"https:\/\/zirion.com.br\/index.php\/wp-json\/wp\/v2\/pages\/12\/revisions\/1597"}],"wp:attachment":[{"href":"https:\/\/zirion.com.br\/index.php\/wp-json\/wp\/v2\/media?parent=12"}],"curies":[{"name":"wp","href":"https:\/\/api.w.org\/{rel}","templated":true}]}}