{"id":565,"date":"2023-10-05T09:19:43","date_gmt":"2023-10-05T12:19:43","guid":{"rendered":"https:\/\/zirion.com.br\/?post_type=product&#038;p=565"},"modified":"2024-12-16T17:41:54","modified_gmt":"2024-12-16T20:41:54","slug":"pingente-cruz-com-oracao-pai-nosso-50mm","status":"publish","type":"product","link":"https:\/\/zirion.com.br\/index.php\/produto\/pingente-cruz-com-oracao-pai-nosso-50mm\/","title":{"rendered":"Pingente Cruz com ora\u00e7\u00e3o Pai Nosso  50mm"},"content":{"rendered":"","protected":false},"excerpt":{"rendered":"","protected":false},"featured_media":566,"comment_status":"open","ping_status":"closed","template":"","meta":[],"product_cat":[39,27],"product_tag":[],"yoast_head":"<!-- This site is optimized with the Yoast SEO plugin v21.4 - https:\/\/yoast.com\/wordpress\/plugins\/seo\/ -->\n<title>Pingente Cruz com ora\u00e7\u00e3o Pai Nosso 50mm - Zirion J\u00f3ias<\/title>\n<meta name=\"robots\" content=\"index, follow, max-snippet:-1, max-image-preview:large, max-video-preview:-1\" \/>\n<link rel=\"canonical\" href=\"https:\/\/zirion.com.br\/index.php\/produto\/pingente-cruz-com-oracao-pai-nosso-50mm\/\" \/>\n<meta property=\"og:locale\" content=\"pt_BR\" \/>\n<meta property=\"og:type\" content=\"article\" \/>\n<meta property=\"og:title\" content=\"Pingente Cruz com ora\u00e7\u00e3o Pai Nosso 50mm - Zirion J\u00f3ias\" \/>\n<meta property=\"og:url\" content=\"https:\/\/zirion.com.br\/index.php\/produto\/pingente-cruz-com-oracao-pai-nosso-50mm\/\" \/>\n<meta property=\"og:site_name\" content=\"Zirion J\u00f3ias\" \/>\n<meta property=\"article:modified_time\" content=\"2024-12-16T20:41:54+00:00\" \/>\n<meta property=\"og:image\" content=\"https:\/\/zirion.com.br\/wp-content\/uploads\/2023\/10\/IMG_20210907_172252144-scaled.jpg\" \/>\n\t<meta property=\"og:image:width\" content=\"2560\" \/>\n\t<meta property=\"og:image:height\" content=\"1920\" \/>\n\t<meta property=\"og:image:type\" content=\"image\/jpeg\" \/>\n<meta name=\"twitter:card\" content=\"summary_large_image\" \/>\n<script type=\"application\/ld+json\" class=\"yoast-schema-graph\">{\"@context\":\"https:\/\/schema.org\",\"@graph\":[{\"@type\":\"WebPage\",\"@id\":\"https:\/\/zirion.com.br\/index.php\/produto\/pingente-cruz-com-oracao-pai-nosso-50mm\/\",\"url\":\"https:\/\/zirion.com.br\/index.php\/produto\/pingente-cruz-com-oracao-pai-nosso-50mm\/\",\"name\":\"Pingente Cruz com ora\u00e7\u00e3o Pai Nosso 50mm - Zirion J\u00f3ias\",\"isPartOf\":{\"@id\":\"https:\/\/zirion.com.br\/#website\"},\"datePublished\":\"2023-10-05T12:19:43+00:00\",\"dateModified\":\"2024-12-16T20:41:54+00:00\",\"breadcrumb\":{\"@id\":\"https:\/\/zirion.com.br\/index.php\/produto\/pingente-cruz-com-oracao-pai-nosso-50mm\/#breadcrumb\"},\"inLanguage\":\"pt-BR\",\"potentialAction\":[{\"@type\":\"ReadAction\",\"target\":[\"https:\/\/zirion.com.br\/index.php\/produto\/pingente-cruz-com-oracao-pai-nosso-50mm\/\"]}]},{\"@type\":\"BreadcrumbList\",\"@id\":\"https:\/\/zirion.com.br\/index.php\/produto\/pingente-cruz-com-oracao-pai-nosso-50mm\/#breadcrumb\",\"itemListElement\":[{\"@type\":\"ListItem\",\"position\":1,\"name\":\"In\u00edcio\",\"item\":\"https:\/\/zirion.com.br\/\"},{\"@type\":\"ListItem\",\"position\":2,\"name\":\"Loja\",\"item\":\"https:\/\/zirion.com.br\/index.php\/loja\/\"},{\"@type\":\"ListItem\",\"position\":3,\"name\":\"Pingente Cruz com ora\u00e7\u00e3o Pai Nosso 50mm\"}]},{\"@type\":\"WebSite\",\"@id\":\"https:\/\/zirion.com.br\/#website\",\"url\":\"https:\/\/zirion.com.br\/\",\"name\":\"Zirion J\u00f3ias\",\"description\":\"Renove suas energias com Zirion Joias\",\"publisher\":{\"@id\":\"https:\/\/zirion.com.br\/#organization\"},\"potentialAction\":[{\"@type\":\"SearchAction\",\"target\":{\"@type\":\"EntryPoint\",\"urlTemplate\":\"https:\/\/zirion.com.br\/?s={search_term_string}\"},\"query-input\":\"required name=search_term_string\"}],\"inLanguage\":\"pt-BR\"},{\"@type\":\"Organization\",\"@id\":\"https:\/\/zirion.com.br\/#organization\",\"name\":\"Zirion J\u00f3ias\",\"url\":\"https:\/\/zirion.com.br\/\",\"logo\":{\"@type\":\"ImageObject\",\"inLanguage\":\"pt-BR\",\"@id\":\"https:\/\/zirion.com.br\/#\/schema\/logo\/image\/\",\"url\":\"https:\/\/zirion.com.br\/wp-content\/uploads\/2023\/09\/Enviando-por-email-LOGO-21-1.png\",\"contentUrl\":\"https:\/\/zirion.com.br\/wp-content\/uploads\/2023\/09\/Enviando-por-email-LOGO-21-1.png\",\"width\":3130,\"height\":1227,\"caption\":\"Zirion J\u00f3ias\"},\"image\":{\"@id\":\"https:\/\/zirion.com.br\/#\/schema\/logo\/image\/\"}}]}<\/script>\n<!-- \/ Yoast SEO plugin. -->","yoast_head_json":{"title":"Pingente Cruz com ora\u00e7\u00e3o Pai Nosso 50mm - Zirion J\u00f3ias","robots":{"index":"index","follow":"follow","max-snippet":"max-snippet:-1","max-image-preview":"max-image-preview:large","max-video-preview":"max-video-preview:-1"},"canonical":"https:\/\/zirion.com.br\/index.php\/produto\/pingente-cruz-com-oracao-pai-nosso-50mm\/","og_locale":"pt_BR","og_type":"article","og_title":"Pingente Cruz com ora\u00e7\u00e3o Pai Nosso 50mm - Zirion J\u00f3ias","og_url":"https:\/\/zirion.com.br\/index.php\/produto\/pingente-cruz-com-oracao-pai-nosso-50mm\/","og_site_name":"Zirion J\u00f3ias","article_modified_time":"2024-12-16T20:41:54+00:00","og_image":[{"width":2560,"height":1920,"url":"https:\/\/zirion.com.br\/wp-content\/uploads\/2023\/10\/IMG_20210907_172252144-scaled.jpg","type":"image\/jpeg"}],"twitter_card":"summary_large_image","schema":{"@context":"https:\/\/schema.org","@graph":[{"@type":"WebPage","@id":"https:\/\/zirion.com.br\/index.php\/produto\/pingente-cruz-com-oracao-pai-nosso-50mm\/","url":"https:\/\/zirion.com.br\/index.php\/produto\/pingente-cruz-com-oracao-pai-nosso-50mm\/","name":"Pingente Cruz com ora\u00e7\u00e3o Pai Nosso 50mm - Zirion J\u00f3ias","isPartOf":{"@id":"https:\/\/zirion.com.br\/#website"},"datePublished":"2023-10-05T12:19:43+00:00","dateModified":"2024-12-16T20:41:54+00:00","breadcrumb":{"@id":"https:\/\/zirion.com.br\/index.php\/produto\/pingente-cruz-com-oracao-pai-nosso-50mm\/#breadcrumb"},"inLanguage":"pt-BR","potentialAction":[{"@type":"ReadAction","target":["https:\/\/zirion.com.br\/index.php\/produto\/pingente-cruz-com-oracao-pai-nosso-50mm\/"]}]},{"@type":"BreadcrumbList","@id":"https:\/\/zirion.com.br\/index.php\/produto\/pingente-cruz-com-oracao-pai-nosso-50mm\/#breadcrumb","itemListElement":[{"@type":"ListItem","position":1,"name":"In\u00edcio","item":"https:\/\/zirion.com.br\/"},{"@type":"ListItem","position":2,"name":"Loja","item":"https:\/\/zirion.com.br\/index.php\/loja\/"},{"@type":"ListItem","position":3,"name":"Pingente Cruz com ora\u00e7\u00e3o Pai Nosso 50mm"}]},{"@type":"WebSite","@id":"https:\/\/zirion.com.br\/#website","url":"https:\/\/zirion.com.br\/","name":"Zirion J\u00f3ias","description":"Renove suas energias com Zirion Joias","publisher":{"@id":"https:\/\/zirion.com.br\/#organization"},"potentialAction":[{"@type":"SearchAction","target":{"@type":"EntryPoint","urlTemplate":"https:\/\/zirion.com.br\/?s={search_term_string}"},"query-input":"required name=search_term_string"}],"inLanguage":"pt-BR"},{"@type":"Organization","@id":"https:\/\/zirion.com.br\/#organization","name":"Zirion J\u00f3ias","url":"https:\/\/zirion.com.br\/","logo":{"@type":"ImageObject","inLanguage":"pt-BR","@id":"https:\/\/zirion.com.br\/#\/schema\/logo\/image\/","url":"https:\/\/zirion.com.br\/wp-content\/uploads\/2023\/09\/Enviando-por-email-LOGO-21-1.png","contentUrl":"https:\/\/zirion.com.br\/wp-content\/uploads\/2023\/09\/Enviando-por-email-LOGO-21-1.png","width":3130,"height":1227,"caption":"Zirion J\u00f3ias"},"image":{"@id":"https:\/\/zirion.com.br\/#\/schema\/logo\/image\/"}}]}},"_links":{"self":[{"href":"https:\/\/zirion.com.br\/index.php\/wp-json\/wp\/v2\/product\/565"}],"collection":[{"href":"https:\/\/zirion.com.br\/index.php\/wp-json\/wp\/v2\/product"}],"about":[{"href":"https:\/\/zirion.com.br\/index.php\/wp-json\/wp\/v2\/types\/product"}],"replies":[{"embeddable":true,"href":"https:\/\/zirion.com.br\/index.php\/wp-json\/wp\/v2\/comments?post=565"}],"wp:featuredmedia":[{"embeddable":true,"href":"https:\/\/zirion.com.br\/index.php\/wp-json\/wp\/v2\/media\/566"}],"wp:attachment":[{"href":"https:\/\/zirion.com.br\/index.php\/wp-json\/wp\/v2\/media?parent=565"}],"wp:term":[{"taxonomy":"product_cat","embeddable":true,"href":"https:\/\/zirion.com.br\/index.php\/wp-json\/wp\/v2\/product_cat?post=565"},{"taxonomy":"product_tag","embeddable":true,"href":"https:\/\/zirion.com.br\/index.php\/wp-json\/wp\/v2\/product_tag?post=565"}],"curies":[{"name":"wp","href":"https:\/\/api.w.org\/{rel}","templated":true}]}}